{"id":33,"date":"2018-10-19T19:18:59","date_gmt":"2018-10-19T17:18:59","guid":{"rendered":"https:\/\/www.focusdistribucio.cat\/?page_id=33&#038;lang=es"},"modified":"2025-05-06T15:57:54","modified_gmt":"2025-05-06T13:57:54","slug":"inici","status":"publish","type":"page","link":"\/es\/","title":{"rendered":"Inicio"},"content":{"rendered":"<div class=\"wpb-content-wrapper\"><p>[vc_row equal_height=\u00bbyes\u00bb css_animation=\u00bbfadeIn\u00bb disable_element=\u00bbyes\u00bb css=\u00bb.vc_custom_1663070031762{padding-bottom: 72px !important;}\u00bb][vc_column][vc_posts_slider count=\u00bball\u00bb interval=\u00bb15&#8243; thumb_size=\u00bbfull\u00bb posttypes=\u00bbex\u00bb categories=\u00bbDestacat\u00bb css=\u00bb.vc_custom_1663070007681{margin-bottom: 0px !important;}\u00bb][\/vc_column][\/vc_row]<\/p>\n<\/div>","protected":false},"excerpt":{"rendered":"<p>[vc_row equal_height=\u00bbyes\u00bb css_animation=\u00bbfadeIn\u00bb disable_element=\u00bbyes\u00bb css=\u00bb.vc_custom_1663070031762{padding-bottom: 72px !important;}\u00bb][vc_column][vc_posts_slider count=\u00bball\u00bb interval=\u00bb15&#8243; thumb_size=\u00bbfull\u00bb posttypes=\u00bbex\u00bb categories=\u00bbDestacat\u00bb css=\u00bb.vc_custom_1663070007681{margin-bottom: 0px !important;}\u00bb][\/vc_column][\/vc_row]<\/p>\n","protected":false},"author":1,"featured_media":0,"parent":0,"menu_order":0,"comment_status":"closed","ping_status":"closed","template":"","meta":{"_acf_changed":false,"footnotes":""},"class_list":["post-33","page","type-page","status-publish","hentry"],"acf":{"page_description":"Distribuci\u00f3 d'espectacles. Les produccions de FOCUS s\u00f3n un referent dins els grans festivals i els circuits esc\u00e8nics."},"yoast_head":"<!-- This site is optimized with the Yoast SEO plugin v27.3 - https:\/\/yoast.com\/product\/yoast-seo-wordpress\/ -->\n<title>Inicio - Mediterranea Gira<\/title>\n<meta name=\"robots\" content=\"index, follow, max-snippet:-1, max-image-preview:large, max-video-preview:-1\" \/>\n<link rel=\"canonical\" href=\"\/es\/\" \/>\n<meta property=\"og:locale\" content=\"es_ES\" \/>\n<meta property=\"og:type\" content=\"article\" \/>\n<meta property=\"og:title\" content=\"Inicio - Mediterranea Gira\" \/>\n<meta property=\"og:description\" content=\"[vc_row equal_height=\u00bbyes\u00bb css_animation=\u00bbfadeIn\u00bb disable_element=\u00bbyes\u00bb css=\u00bb.vc_custom_1663070031762{padding-bottom: 72px !important;}\u00bb][vc_column][vc_posts_slider count=\u00bball\u00bb interval=\u00bb15&#8243; thumb_size=\u00bbfull\u00bb posttypes=\u00bbex\u00bb categories=\u00bbDestacat\u00bb css=\u00bb.vc_custom_1663070007681{margin-bottom: 0px !important;}\u00bb][\/vc_column][\/vc_row]\" \/>\n<meta property=\"og:url\" content=\"\/es\/\" \/>\n<meta property=\"og:site_name\" content=\"Mediterranea Gira\" \/>\n<meta property=\"article:modified_time\" content=\"2025-05-06T13:57:54+00:00\" \/>\n<meta name=\"twitter:card\" content=\"summary_large_image\" \/>\n<meta name=\"twitter:label1\" content=\"Tiempo de lectura\" \/>\n\t<meta name=\"twitter:data1\" content=\"1 minuto\" \/>\n<script type=\"application\/ld+json\" class=\"yoast-schema-graph\">{\"@context\":\"https:\\\/\\\/schema.org\",\"@graph\":[{\"@type\":\"WebPage\",\"@id\":\"https:\\\/\\\/www.mediterraneagira.com\\\/es\\\/\",\"url\":\"https:\\\/\\\/www.mediterraneagira.com\\\/es\\\/\",\"name\":\"Inicio - Mediterranea Gira\",\"isPartOf\":{\"@id\":\"https:\\\/\\\/www.mediterraneagira.com\\\/es\\\/#website\"},\"datePublished\":\"2018-10-19T17:18:59+00:00\",\"dateModified\":\"2025-05-06T13:57:54+00:00\",\"breadcrumb\":{\"@id\":\"https:\\\/\\\/www.mediterraneagira.com\\\/es\\\/#breadcrumb\"},\"inLanguage\":\"es\",\"potentialAction\":[{\"@type\":\"ReadAction\",\"target\":[\"https:\\\/\\\/www.mediterraneagira.com\\\/es\\\/\"]}]},{\"@type\":\"BreadcrumbList\",\"@id\":\"https:\\\/\\\/www.mediterraneagira.com\\\/es\\\/#breadcrumb\",\"itemListElement\":[{\"@type\":\"ListItem\",\"position\":1,\"name\":\"Inicio\",\"item\":\"https:\\\/\\\/www.mediterraneagira.com\\\/es\\\/\"},{\"@type\":\"ListItem\",\"position\":2,\"name\":\"Inicio\"}]},{\"@type\":\"WebSite\",\"@id\":\"https:\\\/\\\/www.mediterraneagira.com\\\/es\\\/#website\",\"url\":\"https:\\\/\\\/www.mediterraneagira.com\\\/es\\\/\",\"name\":\"Mediterranea Gira\",\"description\":\"Mediterrane Gira\",\"publisher\":{\"@id\":\"https:\\\/\\\/www.mediterraneagira.com\\\/es\\\/#organization\"},\"potentialAction\":[{\"@type\":\"SearchAction\",\"target\":{\"@type\":\"EntryPoint\",\"urlTemplate\":\"https:\\\/\\\/www.mediterraneagira.com\\\/es\\\/?s={search_term_string}\"},\"query-input\":{\"@type\":\"PropertyValueSpecification\",\"valueRequired\":true,\"valueName\":\"search_term_string\"}}],\"inLanguage\":\"es\"},{\"@type\":\"Organization\",\"@id\":\"https:\\\/\\\/www.mediterraneagira.com\\\/es\\\/#organization\",\"name\":\"Mediterranea Gira\",\"url\":\"https:\\\/\\\/www.mediterraneagira.com\\\/es\\\/\",\"logo\":{\"@type\":\"ImageObject\",\"inLanguage\":\"es\",\"@id\":\"https:\\\/\\\/www.mediterraneagira.com\\\/es\\\/#\\\/schema\\\/logo\\\/image\\\/\",\"url\":\"https:\\\/\\\/www.mediterraneagira.com\\\/wp-content\\\/uploads\\\/2022\\\/09\\\/cropped-logo-mediterranea.png\",\"contentUrl\":\"https:\\\/\\\/www.mediterraneagira.com\\\/wp-content\\\/uploads\\\/2022\\\/09\\\/cropped-logo-mediterranea.png\",\"width\":2133,\"height\":250,\"caption\":\"Mediterranea Gira\"},\"image\":{\"@id\":\"https:\\\/\\\/www.mediterraneagira.com\\\/es\\\/#\\\/schema\\\/logo\\\/image\\\/\"}}]}<\/script>\n<!-- \/ Yoast SEO plugin. -->","yoast_head_json":{"title":"Inicio - Mediterranea Gira","robots":{"index":"index","follow":"follow","max-snippet":"max-snippet:-1","max-image-preview":"max-image-preview:large","max-video-preview":"max-video-preview:-1"},"canonical":"\/es\/","og_locale":"es_ES","og_type":"article","og_title":"Inicio - Mediterranea Gira","og_description":"[vc_row equal_height=\u00bbyes\u00bb css_animation=\u00bbfadeIn\u00bb disable_element=\u00bbyes\u00bb css=\u00bb.vc_custom_1663070031762{padding-bottom: 72px !important;}\u00bb][vc_column][vc_posts_slider count=\u00bball\u00bb interval=\u00bb15&#8243; thumb_size=\u00bbfull\u00bb posttypes=\u00bbex\u00bb categories=\u00bbDestacat\u00bb css=\u00bb.vc_custom_1663070007681{margin-bottom: 0px !important;}\u00bb][\/vc_column][\/vc_row]","og_url":"\/es\/","og_site_name":"Mediterranea Gira","article_modified_time":"2025-05-06T13:57:54+00:00","twitter_card":"summary_large_image","twitter_misc":{"Tiempo de lectura":"1 minuto"},"schema":{"@context":"https:\/\/schema.org","@graph":[{"@type":"WebPage","@id":"\/es\/","url":"\/es\/","name":"Inicio - Mediterranea Gira","isPartOf":{"@id":"\/es\/#website"},"datePublished":"2018-10-19T17:18:59+00:00","dateModified":"2025-05-06T13:57:54+00:00","breadcrumb":{"@id":"\/es\/#breadcrumb"},"inLanguage":"es","potentialAction":[{"@type":"ReadAction","target":["\/es\/"]}]},{"@type":"BreadcrumbList","@id":"\/es\/#breadcrumb","itemListElement":[{"@type":"ListItem","position":1,"name":"Inicio","item":"\/es\/"},{"@type":"ListItem","position":2,"name":"Inicio"}]},{"@type":"WebSite","@id":"\/es\/#website","url":"\/es\/","name":"Mediterranea Gira","description":"Mediterrane Gira","publisher":{"@id":"\/es\/#organization"},"potentialAction":[{"@type":"SearchAction","target":{"@type":"EntryPoint","urlTemplate":"\/es\/?s={search_term_string}"},"query-input":{"@type":"PropertyValueSpecification","valueRequired":true,"valueName":"search_term_string"}}],"inLanguage":"es"},{"@type":"Organization","@id":"\/es\/#organization","name":"Mediterranea Gira","url":"\/es\/","logo":{"@type":"ImageObject","inLanguage":"es","@id":"\/es\/#\/schema\/logo\/image\/","url":"https:\/\/www.mediterraneagira.com\/wp-content\/uploads\/2022\/09\/cropped-logo-mediterranea.png","contentUrl":"https:\/\/www.mediterraneagira.com\/wp-content\/uploads\/2022\/09\/cropped-logo-mediterranea.png","width":2133,"height":250,"caption":"Mediterranea Gira"},"image":{"@id":"\/es\/#\/schema\/logo\/image\/"}}]}},"_links":{"self":[{"href":"\/es\/wp-json\/wp\/v2\/pages\/33","targetHints":{"allow":["GET"]}}],"collection":[{"href":"\/es\/wp-json\/wp\/v2\/pages"}],"about":[{"href":"\/es\/wp-json\/wp\/v2\/types\/page"}],"author":[{"embeddable":true,"href":"\/es\/wp-json\/wp\/v2\/users\/1"}],"replies":[{"embeddable":true,"href":"\/es\/wp-json\/wp\/v2\/comments?post=33"}],"version-history":[{"count":0,"href":"\/es\/wp-json\/wp\/v2\/pages\/33\/revisions"}],"wp:attachment":[{"href":"\/es\/wp-json\/wp\/v2\/media?parent=33"}],"curies":[{"name":"wp","href":"https:\/\/api.w.org\/{rel}","templated":true}]}}