{"id":276,"date":"2018-10-26T13:39:41","date_gmt":"2018-10-26T11:39:41","guid":{"rendered":"https:\/\/www.focusdistribucio.cat\/?page_id=276"},"modified":"2025-05-06T15:57:50","modified_gmt":"2025-05-06T13:57:50","slug":"quien-somos","status":"publish","type":"page","link":"\/es\/quien-somos\/","title":{"rendered":"Qui\u00e9nes somos"},"content":{"rendered":"<div class=\"wpb-content-wrapper\"><p>[vc_row][vc_column][vc_column_text css=\u00bb\u00bb]<span data-contrast=\"auto\">Excepcionalidad, particularidad, excelencia&#8230; Son algunos de los sin\u00f3nimos que la RAE sugiere para singularidad, y podr\u00edan aplicarse a la filosof\u00eda de Mediterr\u00e1nea, una distribuidora de espect\u00e1culos singulares, a menudo excepcionales y siempre excelentes. Porque nuestro cat\u00e1logo se nutre de propuestas que conjugan la calidad y la singularidad, artes esc\u00e9nicas con contenido y en todos los formatos.\u00a0<\/span><span data-ccp-props=\"{&quot;201341983&quot;:0,&quot;335559685&quot;:57,&quot;335559737&quot;:57,&quot;335559739&quot;:0,&quot;335559740&quot;:240}\">\u00a0<\/span><\/p>\n<p><span data-contrast=\"auto\">Comedia, teatro documental, autoficci\u00f3n, espect\u00e1culos literarios, teatro inclusivo, teatro musical, mon\u00f3logo dram\u00e1tico\u2026 La variedad es otra de las caracter\u00edsticas que definen la oferta de Mediterr\u00e1nea, especialmente atenta al talento emergente y a los nuevos p\u00fablicos.<\/span><span data-ccp-props=\"{&quot;201341983&quot;:0,&quot;335559685&quot;:57,&quot;335559737&quot;:57,&quot;335559739&quot;:0,&quot;335559740&quot;:240}\">\u00a0<\/span><\/p>\n<p><span data-contrast=\"auto\">En la RAE hallamos otra acepci\u00f3n para lo singular, lo \u00fanico como contrario a lo plural. En Mediterr\u00e1nea, sin embargo, no son conceptos excluyentes, porque queremos que el p\u00fablico, tambi\u00e9n en toda su pluralidad, pueda disfrutar de espect\u00e1culos \u00fanicos.<\/span><span data-ccp-props=\"{&quot;201341983&quot;:0,&quot;335559685&quot;:57,&quot;335559737&quot;:57,&quot;335559739&quot;:0,&quot;335559740&quot;:240}\">\u00a0<\/span>[\/vc_column_text][\/vc_column][\/vc_row][vc_row][vc_column][vc_btn title=\u00bbConsulta las producciones\u00bb style=\u00bbclassic\u00bb shape=\u00bbround\u00bb color=\u00bbblack\u00bb size=\u00bblg\u00bb align=\u00bbcenter\u00bb css=\u00bb.vc_custom_1562929544087{margin-top: 35px !important;margin-bottom: 35px !important;}\u00bb link=\u00bburl:%2Fes%2Fespectaculos%2F|\u00bb][\/vc_column][\/vc_row]<\/p>\n<\/div>","protected":false},"excerpt":{"rendered":"<p>[vc_row][vc_column][vc_column_text css=\u00bb\u00bb]Excepcionalidad, particularidad, excelencia&#8230; Son algunos de los sin\u00f3nimos que la RAE sugiere para singularidad, y podr\u00edan aplicarse a la filosof\u00eda de Mediterr\u00e1nea, una distribuidora de espect\u00e1culos singulares, a menudo excepcionales y siempre excelentes. Porque nuestro cat\u00e1logo se nutre de propuestas que conjugan la calidad y la singularidad, artes esc\u00e9nicas con contenido y en todos &hellip; <\/p>\n<p class=\"link-more\"><a href=\"\/es\/quien-somos\/\" class=\"more-link\">Continuar leyendo<span class=\"screen-reader-text\"> \u00abQui\u00e9nes somos\u00bb<\/span><\/a><\/p>\n","protected":false},"author":1,"featured_media":0,"parent":0,"menu_order":0,"comment_status":"closed","ping_status":"closed","template":"","meta":{"_acf_changed":false,"footnotes":""},"class_list":["post-276","page","type-page","status-publish","hentry"],"acf":{"page_description":""},"yoast_head":"<!-- This site is optimized with the Yoast SEO plugin v27.5 - https:\/\/yoast.com\/product\/yoast-seo-wordpress\/ -->\n<title>Qui\u00e9nes somos - Mediterranea Gira<\/title>\n<meta name=\"robots\" content=\"index, follow, max-snippet:-1, max-image-preview:large, max-video-preview:-1\" \/>\n<link rel=\"canonical\" href=\"\/es\/quien-somos\/\" \/>\n<meta property=\"og:locale\" content=\"es_ES\" \/>\n<meta property=\"og:type\" content=\"article\" \/>\n<meta property=\"og:title\" content=\"Qui\u00e9nes somos - Mediterranea Gira\" \/>\n<meta property=\"og:description\" content=\"[vc_row][vc_column][vc_column_text css=\u00bb\u00bb]Excepcionalidad, particularidad, excelencia&#8230; Son algunos de los sin\u00f3nimos que la RAE sugiere para singularidad, y podr\u00edan aplicarse a la filosof\u00eda de Mediterr\u00e1nea, una distribuidora de espect\u00e1culos singulares, a menudo excepcionales y siempre excelentes. Porque nuestro cat\u00e1logo se nutre de propuestas que conjugan la calidad y la singularidad, artes esc\u00e9nicas con contenido y en todos &hellip; Continuar leyendo &quot;Qui\u00e9nes somos&quot;\" \/>\n<meta property=\"og:url\" content=\"\/es\/quien-somos\/\" \/>\n<meta property=\"og:site_name\" content=\"Mediterranea Gira\" \/>\n<meta property=\"article:modified_time\" content=\"2025-05-06T13:57:50+00:00\" \/>\n<meta name=\"twitter:card\" content=\"summary_large_image\" \/>\n<meta name=\"twitter:label1\" content=\"Tiempo de lectura\" \/>\n\t<meta name=\"twitter:data1\" content=\"1 minuto\" \/>\n<script type=\"application\/ld+json\" class=\"yoast-schema-graph\">{\"@context\":\"https:\\\/\\\/schema.org\",\"@graph\":[{\"@type\":\"WebPage\",\"@id\":\"https:\\\/\\\/www.mediterraneagira.com\\\/es\\\/quien-somos\\\/\",\"url\":\"https:\\\/\\\/www.mediterraneagira.com\\\/es\\\/quien-somos\\\/\",\"name\":\"Qui\u00e9nes somos - Mediterranea Gira\",\"isPartOf\":{\"@id\":\"https:\\\/\\\/www.mediterraneagira.com\\\/es\\\/#website\"},\"datePublished\":\"2018-10-26T11:39:41+00:00\",\"dateModified\":\"2025-05-06T13:57:50+00:00\",\"breadcrumb\":{\"@id\":\"https:\\\/\\\/www.mediterraneagira.com\\\/es\\\/quien-somos\\\/#breadcrumb\"},\"inLanguage\":\"es\",\"potentialAction\":[{\"@type\":\"ReadAction\",\"target\":[\"https:\\\/\\\/www.mediterraneagira.com\\\/es\\\/quien-somos\\\/\"]}]},{\"@type\":\"BreadcrumbList\",\"@id\":\"https:\\\/\\\/www.mediterraneagira.com\\\/es\\\/quien-somos\\\/#breadcrumb\",\"itemListElement\":[{\"@type\":\"ListItem\",\"position\":1,\"name\":\"Inicio\",\"item\":\"https:\\\/\\\/www.mediterraneagira.com\\\/es\\\/\"},{\"@type\":\"ListItem\",\"position\":2,\"name\":\"Qui\u00e9nes somos\"}]},{\"@type\":\"WebSite\",\"@id\":\"https:\\\/\\\/www.mediterraneagira.com\\\/es\\\/#website\",\"url\":\"https:\\\/\\\/www.mediterraneagira.com\\\/es\\\/\",\"name\":\"Mediterranea Gira\",\"description\":\"Mediterrane Gira\",\"publisher\":{\"@id\":\"https:\\\/\\\/www.mediterraneagira.com\\\/es\\\/#organization\"},\"potentialAction\":[{\"@type\":\"SearchAction\",\"target\":{\"@type\":\"EntryPoint\",\"urlTemplate\":\"https:\\\/\\\/www.mediterraneagira.com\\\/es\\\/?s={search_term_string}\"},\"query-input\":{\"@type\":\"PropertyValueSpecification\",\"valueRequired\":true,\"valueName\":\"search_term_string\"}}],\"inLanguage\":\"es\"},{\"@type\":\"Organization\",\"@id\":\"https:\\\/\\\/www.mediterraneagira.com\\\/es\\\/#organization\",\"name\":\"Mediterranea Gira\",\"url\":\"https:\\\/\\\/www.mediterraneagira.com\\\/es\\\/\",\"logo\":{\"@type\":\"ImageObject\",\"inLanguage\":\"es\",\"@id\":\"https:\\\/\\\/www.mediterraneagira.com\\\/es\\\/#\\\/schema\\\/logo\\\/image\\\/\",\"url\":\"https:\\\/\\\/www.mediterraneagira.com\\\/wp-content\\\/uploads\\\/2022\\\/09\\\/cropped-logo-mediterranea.png\",\"contentUrl\":\"https:\\\/\\\/www.mediterraneagira.com\\\/wp-content\\\/uploads\\\/2022\\\/09\\\/cropped-logo-mediterranea.png\",\"width\":2133,\"height\":250,\"caption\":\"Mediterranea Gira\"},\"image\":{\"@id\":\"https:\\\/\\\/www.mediterraneagira.com\\\/es\\\/#\\\/schema\\\/logo\\\/image\\\/\"}}]}<\/script>\n<!-- \/ Yoast SEO plugin. -->","yoast_head_json":{"title":"Qui\u00e9nes somos - Mediterranea Gira","robots":{"index":"index","follow":"follow","max-snippet":"max-snippet:-1","max-image-preview":"max-image-preview:large","max-video-preview":"max-video-preview:-1"},"canonical":"\/es\/quien-somos\/","og_locale":"es_ES","og_type":"article","og_title":"Qui\u00e9nes somos - Mediterranea Gira","og_description":"[vc_row][vc_column][vc_column_text css=\u00bb\u00bb]Excepcionalidad, particularidad, excelencia&#8230; Son algunos de los sin\u00f3nimos que la RAE sugiere para singularidad, y podr\u00edan aplicarse a la filosof\u00eda de Mediterr\u00e1nea, una distribuidora de espect\u00e1culos singulares, a menudo excepcionales y siempre excelentes. Porque nuestro cat\u00e1logo se nutre de propuestas que conjugan la calidad y la singularidad, artes esc\u00e9nicas con contenido y en todos &hellip; Continuar leyendo \"Qui\u00e9nes somos\"","og_url":"\/es\/quien-somos\/","og_site_name":"Mediterranea Gira","article_modified_time":"2025-05-06T13:57:50+00:00","twitter_card":"summary_large_image","twitter_misc":{"Tiempo de lectura":"1 minuto"},"schema":{"@context":"https:\/\/schema.org","@graph":[{"@type":"WebPage","@id":"\/es\/quien-somos\/","url":"\/es\/quien-somos\/","name":"Qui\u00e9nes somos - Mediterranea Gira","isPartOf":{"@id":"\/es\/#website"},"datePublished":"2018-10-26T11:39:41+00:00","dateModified":"2025-05-06T13:57:50+00:00","breadcrumb":{"@id":"\/es\/quien-somos\/#breadcrumb"},"inLanguage":"es","potentialAction":[{"@type":"ReadAction","target":["\/es\/quien-somos\/"]}]},{"@type":"BreadcrumbList","@id":"\/es\/quien-somos\/#breadcrumb","itemListElement":[{"@type":"ListItem","position":1,"name":"Inicio","item":"\/es\/"},{"@type":"ListItem","position":2,"name":"Qui\u00e9nes somos"}]},{"@type":"WebSite","@id":"\/es\/#website","url":"\/es\/","name":"Mediterranea Gira","description":"Mediterrane Gira","publisher":{"@id":"\/es\/#organization"},"potentialAction":[{"@type":"SearchAction","target":{"@type":"EntryPoint","urlTemplate":"\/es\/?s={search_term_string}"},"query-input":{"@type":"PropertyValueSpecification","valueRequired":true,"valueName":"search_term_string"}}],"inLanguage":"es"},{"@type":"Organization","@id":"\/es\/#organization","name":"Mediterranea Gira","url":"\/es\/","logo":{"@type":"ImageObject","inLanguage":"es","@id":"\/es\/#\/schema\/logo\/image\/","url":"https:\/\/www.mediterraneagira.com\/wp-content\/uploads\/2022\/09\/cropped-logo-mediterranea.png","contentUrl":"https:\/\/www.mediterraneagira.com\/wp-content\/uploads\/2022\/09\/cropped-logo-mediterranea.png","width":2133,"height":250,"caption":"Mediterranea Gira"},"image":{"@id":"\/es\/#\/schema\/logo\/image\/"}}]}},"_links":{"self":[{"href":"\/es\/wp-json\/wp\/v2\/pages\/276","targetHints":{"allow":["GET"]}}],"collection":[{"href":"\/es\/wp-json\/wp\/v2\/pages"}],"about":[{"href":"\/es\/wp-json\/wp\/v2\/types\/page"}],"author":[{"embeddable":true,"href":"\/es\/wp-json\/wp\/v2\/users\/1"}],"replies":[{"embeddable":true,"href":"\/es\/wp-json\/wp\/v2\/comments?post=276"}],"version-history":[{"count":0,"href":"\/es\/wp-json\/wp\/v2\/pages\/276\/revisions"}],"wp:attachment":[{"href":"\/es\/wp-json\/wp\/v2\/media?parent=276"}],"curies":[{"name":"wp","href":"https:\/\/api.w.org\/{rel}","templated":true}]}}