{"id":274,"date":"2018-10-26T13:38:13","date_gmt":"2018-10-26T11:38:13","guid":{"rendered":"https:\/\/www.focusdistribucio.cat\/?page_id=274"},"modified":"2024-08-20T13:54:33","modified_gmt":"2024-08-20T11:54:33","slug":"qui-som","status":"publish","type":"page","link":"\/ca\/qui-som\/","title":{"rendered":"Qui som"},"content":{"rendered":"<div class=\"wpb-content-wrapper\"><p>[vc_row][vc_column][vc_column_text css=\u00bb\u00bb]<span data-contrast=\"auto\">Originalitat, particularitat, distinci\u00f3&#8230; S\u00f3n alguns dels sin\u00f2nims que l\u2019IEC suggereix per a singularitat, i es podrien aplicar a la filosofia de Mediterr\u00e0nia, una distribu\u00efdora d&#8217;espectacles singulars, sovint originals i sempre excel\u00b7lents. Perqu\u00e8 el nostre cat\u00e0leg es nodreix de propostes que conjuguen la qualitat i la singularitat, arts esc\u00e8niques amb contingut i en tots els formats.<\/span><span data-ccp-props=\"{&quot;201341983&quot;:0,&quot;335559685&quot;:57,&quot;335559737&quot;:57,&quot;335559739&quot;:0,&quot;335559740&quot;:240}\">\u00a0<\/span><\/p>\n<p><span data-contrast=\"auto\">Com\u00e8dia, teatre documental, autoficci\u00f3, espectacles literaris, teatre inclusiu, teatre musical, mon\u00f2leg dram\u00e0tic\u2026 La varietat \u00e9s una altra de les caracter\u00edstiques que defineixen l&#8217;oferta de Mediterr\u00e0nia, especialment atenta al talent emergent i als nous p\u00fablics.<\/span><span data-ccp-props=\"{&quot;201341983&quot;:0,&quot;335559685&quot;:57,&quot;335559737&quot;:57,&quot;335559739&quot;:0,&quot;335559740&quot;:240}\">\u00a0<\/span><\/p>\n<p><span data-contrast=\"auto\">A la RAE trobem una altra accepci\u00f3 per a <\/span><i><span data-contrast=\"auto\">singular<\/span><\/i><span data-contrast=\"auto\">, una <\/span><i><span data-contrast=\"auto\">cosa \u00fanica<\/span><\/i><span data-contrast=\"auto\"> com a contrari a el plural. A Mediterr\u00e0nia, per\u00f2, no s\u00f3n conceptes excloents, perqu\u00e8 volem que el p\u00fablic, tamb\u00e9 en tota la seva pluralitat, pugui gaudir d&#8217;espectacles \u00fanics.<\/span><span data-ccp-props=\"{&quot;201341983&quot;:0,&quot;335559685&quot;:57,&quot;335559737&quot;:57,&quot;335559739&quot;:0,&quot;335559740&quot;:240}\">\u00a0<\/span>[\/vc_column_text][\/vc_column][\/vc_row][vc_row][vc_column][vc_btn title=\u00bbConsulta les produccions\u00bb style=\u00bbclassic\u00bb shape=\u00bbround\u00bb color=\u00bbblack\u00bb size=\u00bblg\u00bb align=\u00bbcenter\u00bb css=\u00bb.vc_custom_1562929544087{margin-top: 35px !important;margin-bottom: 35px !important;}\u00bb link=\u00bburl:%2Fca%2Fespectacles%2F|||\u00bb][\/vc_column][\/vc_row]<\/p>\n<\/div>","protected":false},"excerpt":{"rendered":"<p>[vc_row][vc_column][vc_column_text css=\u00bb\u00bb]Originalitat, particularitat, distinci\u00f3&#8230; S\u00f3n alguns dels sin\u00f2nims que l\u2019IEC suggereix per a singularitat, i es podrien aplicar a la filosofia de Mediterr\u00e0nia, una distribu\u00efdora d&#8217;espectacles singulars, sovint originals i sempre excel\u00b7lents. Perqu\u00e8 el nostre cat\u00e0leg es nodreix de propostes que conjuguen la qualitat i la singularitat, arts esc\u00e8niques amb contingut i en tots els &hellip; <\/p>\n<p class=\"link-more\"><a href=\"\/ca\/qui-som\/\" class=\"more-link\">Continuar leyendo<span class=\"screen-reader-text\"> \u00abQui som\u00bb<\/span><\/a><\/p>\n","protected":false},"author":1,"featured_media":0,"parent":0,"menu_order":0,"comment_status":"closed","ping_status":"closed","template":"","meta":{"_acf_changed":false,"footnotes":""},"class_list":["post-274","page","type-page","status-publish","hentry"],"acf":{"page_description":""},"yoast_head":"<!-- This site is optimized with the Yoast SEO plugin v27.5 - https:\/\/yoast.com\/product\/yoast-seo-wordpress\/ -->\n<title>Qui som - Mediterranea Gira<\/title>\n<meta name=\"robots\" content=\"index, follow, max-snippet:-1, max-image-preview:large, max-video-preview:-1\" \/>\n<link rel=\"canonical\" href=\"https:\/\/www.mediterraneagira.com\/es\/qui-som\/\" \/>\n<meta property=\"og:locale\" content=\"es_ES\" \/>\n<meta property=\"og:type\" content=\"article\" \/>\n<meta property=\"og:title\" content=\"Qui som - Mediterranea Gira\" \/>\n<meta property=\"og:description\" content=\"[vc_row][vc_column][vc_column_text css=\u00bb\u00bb]Originalitat, particularitat, distinci\u00f3&#8230; S\u00f3n alguns dels sin\u00f2nims que l\u2019IEC suggereix per a singularitat, i es podrien aplicar a la filosofia de Mediterr\u00e0nia, una distribu\u00efdora d&#8217;espectacles singulars, sovint originals i sempre excel\u00b7lents. Perqu\u00e8 el nostre cat\u00e0leg es nodreix de propostes que conjuguen la qualitat i la singularitat, arts esc\u00e8niques amb contingut i en tots els &hellip; Continuar leyendo &quot;Qui som&quot;\" \/>\n<meta property=\"og:url\" content=\"\/ca\/qui-som\/\" \/>\n<meta property=\"og:site_name\" content=\"Mediterranea Gira\" \/>\n<meta property=\"article:modified_time\" content=\"2024-08-20T11:54:33+00:00\" \/>\n<meta name=\"twitter:card\" content=\"summary_large_image\" \/>\n<meta name=\"twitter:label1\" content=\"Tiempo de lectura\" \/>\n\t<meta name=\"twitter:data1\" content=\"1 minuto\" \/>\n<script type=\"application\/ld+json\" class=\"yoast-schema-graph\">{\"@context\":\"https:\\\/\\\/schema.org\",\"@graph\":[{\"@type\":\"WebPage\",\"@id\":\"https:\\\/\\\/www.mediterraneagira.com\\\/ca\\\/qui-som\\\/\",\"url\":\"https:\\\/\\\/www.mediterraneagira.com\\\/ca\\\/qui-som\\\/\",\"name\":\"Qui som - Mediterranea Gira\",\"isPartOf\":{\"@id\":\"https:\\\/\\\/www.mediterraneagira.com\\\/es\\\/#website\"},\"datePublished\":\"2018-10-26T11:38:13+00:00\",\"dateModified\":\"2024-08-20T11:54:33+00:00\",\"breadcrumb\":{\"@id\":\"https:\\\/\\\/www.mediterraneagira.com\\\/ca\\\/qui-som\\\/#breadcrumb\"},\"inLanguage\":\"es\",\"potentialAction\":[{\"@type\":\"ReadAction\",\"target\":[\"https:\\\/\\\/www.mediterraneagira.com\\\/ca\\\/qui-som\\\/\"]}]},{\"@type\":\"BreadcrumbList\",\"@id\":\"https:\\\/\\\/www.mediterraneagira.com\\\/ca\\\/qui-som\\\/#breadcrumb\",\"itemListElement\":[{\"@type\":\"ListItem\",\"position\":1,\"name\":\"Inicio\",\"item\":\"https:\\\/\\\/www.mediterraneagira.com\\\/es\\\/\"},{\"@type\":\"ListItem\",\"position\":2,\"name\":\"Qui som\"}]},{\"@type\":\"WebSite\",\"@id\":\"https:\\\/\\\/www.mediterraneagira.com\\\/es\\\/#website\",\"url\":\"https:\\\/\\\/www.mediterraneagira.com\\\/es\\\/\",\"name\":\"Mediterranea Gira\",\"description\":\"Mediterrane Gira\",\"publisher\":{\"@id\":\"https:\\\/\\\/www.mediterraneagira.com\\\/es\\\/#organization\"},\"potentialAction\":[{\"@type\":\"SearchAction\",\"target\":{\"@type\":\"EntryPoint\",\"urlTemplate\":\"https:\\\/\\\/www.mediterraneagira.com\\\/es\\\/?s={search_term_string}\"},\"query-input\":{\"@type\":\"PropertyValueSpecification\",\"valueRequired\":true,\"valueName\":\"search_term_string\"}}],\"inLanguage\":\"es\"},{\"@type\":\"Organization\",\"@id\":\"https:\\\/\\\/www.mediterraneagira.com\\\/es\\\/#organization\",\"name\":\"Mediterranea Gira\",\"url\":\"https:\\\/\\\/www.mediterraneagira.com\\\/es\\\/\",\"logo\":{\"@type\":\"ImageObject\",\"inLanguage\":\"es\",\"@id\":\"https:\\\/\\\/www.mediterraneagira.com\\\/es\\\/#\\\/schema\\\/logo\\\/image\\\/\",\"url\":\"https:\\\/\\\/www.mediterraneagira.com\\\/wp-content\\\/uploads\\\/2022\\\/09\\\/cropped-logo-mediterranea.png\",\"contentUrl\":\"https:\\\/\\\/www.mediterraneagira.com\\\/wp-content\\\/uploads\\\/2022\\\/09\\\/cropped-logo-mediterranea.png\",\"width\":2133,\"height\":250,\"caption\":\"Mediterranea Gira\"},\"image\":{\"@id\":\"https:\\\/\\\/www.mediterraneagira.com\\\/es\\\/#\\\/schema\\\/logo\\\/image\\\/\"}}]}<\/script>\n<!-- \/ Yoast SEO plugin. -->","yoast_head_json":{"title":"Qui som - Mediterranea Gira","robots":{"index":"index","follow":"follow","max-snippet":"max-snippet:-1","max-image-preview":"max-image-preview:large","max-video-preview":"max-video-preview:-1"},"canonical":"https:\/\/www.mediterraneagira.com\/es\/qui-som\/","og_locale":"es_ES","og_type":"article","og_title":"Qui som - Mediterranea Gira","og_description":"[vc_row][vc_column][vc_column_text css=\u00bb\u00bb]Originalitat, particularitat, distinci\u00f3&#8230; S\u00f3n alguns dels sin\u00f2nims que l\u2019IEC suggereix per a singularitat, i es podrien aplicar a la filosofia de Mediterr\u00e0nia, una distribu\u00efdora d&#8217;espectacles singulars, sovint originals i sempre excel\u00b7lents. Perqu\u00e8 el nostre cat\u00e0leg es nodreix de propostes que conjuguen la qualitat i la singularitat, arts esc\u00e8niques amb contingut i en tots els &hellip; Continuar leyendo \"Qui som\"","og_url":"\/ca\/qui-som\/","og_site_name":"Mediterranea Gira","article_modified_time":"2024-08-20T11:54:33+00:00","twitter_card":"summary_large_image","twitter_misc":{"Tiempo de lectura":"1 minuto"},"schema":{"@context":"https:\/\/schema.org","@graph":[{"@type":"WebPage","@id":"\/ca\/qui-som\/","url":"\/ca\/qui-som\/","name":"Qui som - Mediterranea Gira","isPartOf":{"@id":"https:\/\/www.mediterraneagira.com\/es\/#website"},"datePublished":"2018-10-26T11:38:13+00:00","dateModified":"2024-08-20T11:54:33+00:00","breadcrumb":{"@id":"\/ca\/qui-som\/#breadcrumb"},"inLanguage":"es","potentialAction":[{"@type":"ReadAction","target":["\/ca\/qui-som\/"]}]},{"@type":"BreadcrumbList","@id":"\/ca\/qui-som\/#breadcrumb","itemListElement":[{"@type":"ListItem","position":1,"name":"Inicio","item":"https:\/\/www.mediterraneagira.com\/es\/"},{"@type":"ListItem","position":2,"name":"Qui som"}]},{"@type":"WebSite","@id":"https:\/\/www.mediterraneagira.com\/es\/#website","url":"https:\/\/www.mediterraneagira.com\/es\/","name":"Mediterranea Gira","description":"Mediterrane Gira","publisher":{"@id":"https:\/\/www.mediterraneagira.com\/es\/#organization"},"potentialAction":[{"@type":"SearchAction","target":{"@type":"EntryPoint","urlTemplate":"https:\/\/www.mediterraneagira.com\/es\/?s={search_term_string}"},"query-input":{"@type":"PropertyValueSpecification","valueRequired":true,"valueName":"search_term_string"}}],"inLanguage":"es"},{"@type":"Organization","@id":"https:\/\/www.mediterraneagira.com\/es\/#organization","name":"Mediterranea Gira","url":"https:\/\/www.mediterraneagira.com\/es\/","logo":{"@type":"ImageObject","inLanguage":"es","@id":"https:\/\/www.mediterraneagira.com\/es\/#\/schema\/logo\/image\/","url":"https:\/\/www.mediterraneagira.com\/wp-content\/uploads\/2022\/09\/cropped-logo-mediterranea.png","contentUrl":"https:\/\/www.mediterraneagira.com\/wp-content\/uploads\/2022\/09\/cropped-logo-mediterranea.png","width":2133,"height":250,"caption":"Mediterranea Gira"},"image":{"@id":"https:\/\/www.mediterraneagira.com\/es\/#\/schema\/logo\/image\/"}}]}},"_links":{"self":[{"href":"https:\/\/www.mediterraneagira.com\/es\/wp-json\/wp\/v2\/pages\/274","targetHints":{"allow":["GET"]}}],"collection":[{"href":"https:\/\/www.mediterraneagira.com\/es\/wp-json\/wp\/v2\/pages"}],"about":[{"href":"https:\/\/www.mediterraneagira.com\/es\/wp-json\/wp\/v2\/types\/page"}],"author":[{"embeddable":true,"href":"https:\/\/www.mediterraneagira.com\/es\/wp-json\/wp\/v2\/users\/1"}],"replies":[{"embeddable":true,"href":"https:\/\/www.mediterraneagira.com\/es\/wp-json\/wp\/v2\/comments?post=274"}],"version-history":[{"count":0,"href":"https:\/\/www.mediterraneagira.com\/es\/wp-json\/wp\/v2\/pages\/274\/revisions"}],"wp:attachment":[{"href":"https:\/\/www.mediterraneagira.com\/es\/wp-json\/wp\/v2\/media?parent=274"}],"curies":[{"name":"wp","href":"https:\/\/api.w.org\/{rel}","templated":true}]}}