{"id":10,"date":"2018-10-19T19:03:37","date_gmt":"2018-10-19T17:03:37","guid":{"rendered":"https:\/\/www.focusdistribucio.cat\/ca\/?page_id=10"},"modified":"2018-10-26T13:33:20","modified_gmt":"2018-10-26T11:33:20","slug":"que-t-oferim","status":"publish","type":"page","link":"\/ca\/que-t-oferim\/","title":{"rendered":"Qu\u00e8 t&#8217;oferim"},"content":{"rendered":"<p>Potser sou un artista que voleu presentar el vostre treball aqu\u00ed, o potser sou una empresa amb una missi\u00f3 per a descriure.<\/p>\n","protected":false},"excerpt":{"rendered":"<p>Potser sou un artista que voleu presentar el vostre treball aqu\u00ed, o potser sou una empresa amb una missi\u00f3 per a descriure.<\/p>\n","protected":false},"author":1,"featured_media":0,"parent":0,"menu_order":0,"comment_status":"closed","ping_status":"closed","template":"","meta":{"_acf_changed":false,"footnotes":""},"class_list":["post-10","page","type-page","status-publish","hentry"],"acf":{"page_description":""},"yoast_head":"<!-- This site is optimized with the Yoast SEO plugin v27.5 - https:\/\/yoast.com\/product\/yoast-seo-wordpress\/ -->\n<title>Qu\u00e8 t&#039;oferim - Mediterranea Gira<\/title>\n<meta name=\"robots\" content=\"index, follow, max-snippet:-1, max-image-preview:large, max-video-preview:-1\" \/>\n<link rel=\"canonical\" href=\"https:\/\/www.mediterraneagira.com\/es\/que-t-oferim\/\" \/>\n<meta property=\"og:locale\" content=\"es_ES\" \/>\n<meta property=\"og:type\" content=\"article\" \/>\n<meta property=\"og:title\" content=\"Qu\u00e8 t&#039;oferim - Mediterranea Gira\" \/>\n<meta property=\"og:description\" content=\"Potser sou un artista que voleu presentar el vostre treball aqu\u00ed, o potser sou una empresa amb una missi\u00f3 per a descriure.\" \/>\n<meta property=\"og:url\" content=\"\/ca\/que-t-oferim\/\" \/>\n<meta property=\"og:site_name\" content=\"Mediterranea Gira\" \/>\n<meta property=\"article:modified_time\" content=\"2018-10-26T11:33:20+00:00\" \/>\n<meta name=\"twitter:card\" content=\"summary_large_image\" \/>\n<script type=\"application\/ld+json\" class=\"yoast-schema-graph\">{\"@context\":\"https:\\\/\\\/schema.org\",\"@graph\":[{\"@type\":\"WebPage\",\"@id\":\"https:\\\/\\\/www.mediterraneagira.com\\\/ca\\\/que-t-oferim\\\/\",\"url\":\"https:\\\/\\\/www.mediterraneagira.com\\\/ca\\\/que-t-oferim\\\/\",\"name\":\"Qu\u00e8 t'oferim - Mediterranea Gira\",\"isPartOf\":{\"@id\":\"https:\\\/\\\/www.mediterraneagira.com\\\/es\\\/#website\"},\"datePublished\":\"2018-10-19T17:03:37+00:00\",\"dateModified\":\"2018-10-26T11:33:20+00:00\",\"breadcrumb\":{\"@id\":\"https:\\\/\\\/www.mediterraneagira.com\\\/ca\\\/que-t-oferim\\\/#breadcrumb\"},\"inLanguage\":\"es\",\"potentialAction\":[{\"@type\":\"ReadAction\",\"target\":[\"https:\\\/\\\/www.mediterraneagira.com\\\/ca\\\/que-t-oferim\\\/\"]}]},{\"@type\":\"BreadcrumbList\",\"@id\":\"https:\\\/\\\/www.mediterraneagira.com\\\/ca\\\/que-t-oferim\\\/#breadcrumb\",\"itemListElement\":[{\"@type\":\"ListItem\",\"position\":1,\"name\":\"Inicio\",\"item\":\"https:\\\/\\\/www.mediterraneagira.com\\\/es\\\/\"},{\"@type\":\"ListItem\",\"position\":2,\"name\":\"Qu\u00e8 t&#8217;oferim\"}]},{\"@type\":\"WebSite\",\"@id\":\"https:\\\/\\\/www.mediterraneagira.com\\\/es\\\/#website\",\"url\":\"https:\\\/\\\/www.mediterraneagira.com\\\/es\\\/\",\"name\":\"Mediterranea Gira\",\"description\":\"Mediterrane Gira\",\"publisher\":{\"@id\":\"https:\\\/\\\/www.mediterraneagira.com\\\/es\\\/#organization\"},\"potentialAction\":[{\"@type\":\"SearchAction\",\"target\":{\"@type\":\"EntryPoint\",\"urlTemplate\":\"https:\\\/\\\/www.mediterraneagira.com\\\/es\\\/?s={search_term_string}\"},\"query-input\":{\"@type\":\"PropertyValueSpecification\",\"valueRequired\":true,\"valueName\":\"search_term_string\"}}],\"inLanguage\":\"es\"},{\"@type\":\"Organization\",\"@id\":\"https:\\\/\\\/www.mediterraneagira.com\\\/es\\\/#organization\",\"name\":\"Mediterranea Gira\",\"url\":\"https:\\\/\\\/www.mediterraneagira.com\\\/es\\\/\",\"logo\":{\"@type\":\"ImageObject\",\"inLanguage\":\"es\",\"@id\":\"https:\\\/\\\/www.mediterraneagira.com\\\/es\\\/#\\\/schema\\\/logo\\\/image\\\/\",\"url\":\"https:\\\/\\\/www.mediterraneagira.com\\\/wp-content\\\/uploads\\\/2022\\\/09\\\/cropped-logo-mediterranea.png\",\"contentUrl\":\"https:\\\/\\\/www.mediterraneagira.com\\\/wp-content\\\/uploads\\\/2022\\\/09\\\/cropped-logo-mediterranea.png\",\"width\":2133,\"height\":250,\"caption\":\"Mediterranea Gira\"},\"image\":{\"@id\":\"https:\\\/\\\/www.mediterraneagira.com\\\/es\\\/#\\\/schema\\\/logo\\\/image\\\/\"}}]}<\/script>\n<!-- \/ Yoast SEO plugin. -->","yoast_head_json":{"title":"Qu\u00e8 t'oferim - Mediterranea Gira","robots":{"index":"index","follow":"follow","max-snippet":"max-snippet:-1","max-image-preview":"max-image-preview:large","max-video-preview":"max-video-preview:-1"},"canonical":"https:\/\/www.mediterraneagira.com\/es\/que-t-oferim\/","og_locale":"es_ES","og_type":"article","og_title":"Qu\u00e8 t'oferim - Mediterranea Gira","og_description":"Potser sou un artista que voleu presentar el vostre treball aqu\u00ed, o potser sou una empresa amb una missi\u00f3 per a descriure.","og_url":"\/ca\/que-t-oferim\/","og_site_name":"Mediterranea Gira","article_modified_time":"2018-10-26T11:33:20+00:00","twitter_card":"summary_large_image","schema":{"@context":"https:\/\/schema.org","@graph":[{"@type":"WebPage","@id":"\/ca\/que-t-oferim\/","url":"\/ca\/que-t-oferim\/","name":"Qu\u00e8 t'oferim - Mediterranea Gira","isPartOf":{"@id":"https:\/\/www.mediterraneagira.com\/es\/#website"},"datePublished":"2018-10-19T17:03:37+00:00","dateModified":"2018-10-26T11:33:20+00:00","breadcrumb":{"@id":"\/ca\/que-t-oferim\/#breadcrumb"},"inLanguage":"es","potentialAction":[{"@type":"ReadAction","target":["\/ca\/que-t-oferim\/"]}]},{"@type":"BreadcrumbList","@id":"\/ca\/que-t-oferim\/#breadcrumb","itemListElement":[{"@type":"ListItem","position":1,"name":"Inicio","item":"https:\/\/www.mediterraneagira.com\/es\/"},{"@type":"ListItem","position":2,"name":"Qu\u00e8 t&#8217;oferim"}]},{"@type":"WebSite","@id":"https:\/\/www.mediterraneagira.com\/es\/#website","url":"https:\/\/www.mediterraneagira.com\/es\/","name":"Mediterranea Gira","description":"Mediterrane Gira","publisher":{"@id":"https:\/\/www.mediterraneagira.com\/es\/#organization"},"potentialAction":[{"@type":"SearchAction","target":{"@type":"EntryPoint","urlTemplate":"https:\/\/www.mediterraneagira.com\/es\/?s={search_term_string}"},"query-input":{"@type":"PropertyValueSpecification","valueRequired":true,"valueName":"search_term_string"}}],"inLanguage":"es"},{"@type":"Organization","@id":"https:\/\/www.mediterraneagira.com\/es\/#organization","name":"Mediterranea Gira","url":"https:\/\/www.mediterraneagira.com\/es\/","logo":{"@type":"ImageObject","inLanguage":"es","@id":"https:\/\/www.mediterraneagira.com\/es\/#\/schema\/logo\/image\/","url":"https:\/\/www.mediterraneagira.com\/wp-content\/uploads\/2022\/09\/cropped-logo-mediterranea.png","contentUrl":"https:\/\/www.mediterraneagira.com\/wp-content\/uploads\/2022\/09\/cropped-logo-mediterranea.png","width":2133,"height":250,"caption":"Mediterranea Gira"},"image":{"@id":"https:\/\/www.mediterraneagira.com\/es\/#\/schema\/logo\/image\/"}}]}},"_links":{"self":[{"href":"https:\/\/www.mediterraneagira.com\/es\/wp-json\/wp\/v2\/pages\/10","targetHints":{"allow":["GET"]}}],"collection":[{"href":"https:\/\/www.mediterraneagira.com\/es\/wp-json\/wp\/v2\/pages"}],"about":[{"href":"https:\/\/www.mediterraneagira.com\/es\/wp-json\/wp\/v2\/types\/page"}],"author":[{"embeddable":true,"href":"https:\/\/www.mediterraneagira.com\/es\/wp-json\/wp\/v2\/users\/1"}],"replies":[{"embeddable":true,"href":"https:\/\/www.mediterraneagira.com\/es\/wp-json\/wp\/v2\/comments?post=10"}],"version-history":[{"count":0,"href":"https:\/\/www.mediterraneagira.com\/es\/wp-json\/wp\/v2\/pages\/10\/revisions"}],"wp:attachment":[{"href":"https:\/\/www.mediterraneagira.com\/es\/wp-json\/wp\/v2\/media?parent=10"}],"curies":[{"name":"wp","href":"https:\/\/api.w.org\/{rel}","templated":true}]}}